{"id":561,"date":"2018-09-24T21:03:53","date_gmt":"2018-09-24T18:03:53","guid":{"rendered":"http:\/\/lavinton.vool.io\/edasimuujad\/"},"modified":"2023-02-08T17:51:24","modified_gmt":"2023-02-08T15:51:24","slug":"edasimuujad","status":"publish","type":"page","link":"https:\/\/lavinton.ee\/ru\/edasimuujad\/","title":{"rendered":"\u0414\u0438\u0441\u0442\u0440\u0438\u0431\u044c\u044e\u0442\u043e\u0440\u044b"},"content":{"rendered":"<h2>\u042d\u0441\u0442\u043e\u043d\u0438\u044f<\/h2>\r\n<div class=\"edasimuuja-wrap\">\r\n\t<img loading=\"lazy\" src=\"\/wp-content\/themes\/lavinton\/images\/metal_disain1.jpg\" height=\"175\" width=\"auto\" class=\"alignright\">\r\n\t<h3>Metal-Disain O\u00dc<\/h3>\r\n\t<a href=\"http:\/\/metaldis.ee\/\" target=\"_blank\" rel=\"noopener noreferrer\"><p>metaldis.ee<\/p><\/a>\r\n\t<p>Visase 12, 11415 Tallinn<\/p>\r\n\t<p>\u0422\u0435\u043b: <b>+372 666 9966<\/b><\/p>\r\n\t<p>\u0424\u0430\u043a\u0441: <b>+372 666 9966<\/b><\/p>\r\n<\/div>\r\n\r\n<div class=\"edasimuuja-wrap\">\r\n\t<img loading=\"lazy\" src=\"\/wp-content\/themes\/lavinton\/images\/k-rauta1.jpg\" height=\"175\" width=\"auto\" class=\"alignright\">\r\n\t<h3>K-Rauta Tartu,<\/br> Rautakesko O\u00dc<\/h3>\r\n\t<p>Riia 140c, 51014 Tartu<\/p>\r\n\t<p>\u0422\u0435\u043b: <b>+372 739 0800<\/b><\/p>\r\n\t<p>\u0424\u0430\u043a\u0441: <b>+372 739 0801<\/b><\/p>\r\n<\/div>\r\n\r\n<div class=\"edasimuuja-wrap\">\r\n\t<h3>P\u00f5lva Coop Ehituskeskus<\/h3>\r\n\t<p>Jaama 72, P\u00f5lva, P\u00f5lva vald, 63306 P\u00f5lva maakond<\/p>\r\n\t<p>\u00dcldtelefon: <b>+372 799 8495<\/b><\/p>\r\n<\/div>\r\n\r\n<h2>\u041b\u0418\u0422\u0412\u0410<\/h2>\r\n<div class=\"edasimuuja-wrap\">\r\n\t<img loading=\"lazy\" src=\"\/wp-content\/themes\/lavinton\/images\/morionis.jpg\" height=\"175\" width=\"auto\" class=\"alignright\">\r\n\t<h3>Morionis UAB<\/h3>\r\n\t<a href=\"http:\/\/morionis.lt\/\" target=\"_blank\" rel=\"noopener noreferrer\"><p>morionis.lt<\/p><\/a>\r\n\t<p>K\u0119stu\u010dio g. 54, 3000 Kaunas<\/p>\r\n\t<p>\u0422\u0435\u043b\/\u0424\u0430\u043a\u0441: <b>+370 372 03217<\/b><\/p>\r\n\t<p>Metalo g. 8, Vilnius 02025<\/p>\r\n\t<p>\u0422\u0435\u043b\/\u0424\u0430\u043a\u0441: <b>+370 521 67165<\/b><\/p>\r\n<\/div>\r\n\r\n<h2>\u041b\u0410\u0422\u0412\u0418\u042f<\/h2>\r\n<div class=\"edasimuuja-wrap\">\r\n\t<img loading=\"lazy\" src=\"\/wp-content\/themes\/lavinton\/images\/sanistal.jpg\" height=\"175\" width=\"auto\" class=\"alignright\">\r\n\t<h3>Sanistal SIA<\/h3>\r\n\t<a href=\"http:\/\/sanistal.lv\/\" target=\"_blank\" rel=\"noopener noreferrer\"><p>sanistal.lv<\/p><\/a>\r\n\t<p>Tiraines i., Riga LV-1058<\/p>\r\n\t<p>\u0422\u0435\u043b: <b>+371 670 18660<\/b><\/p>\r\n\t<p>\u0424\u0430\u043a\u0441: <b>+371 671 88006<\/b><\/p>\r\n<\/div>\r\n\r\n<h2>\u0428\u0412\u0415\u0426\u0418\u042f<\/h2>\r\n<div class=\"edasimuuja-wrap\">\r\n\t<img loading=\"lazy\" src=\"\/wp-content\/themes\/lavinton\/images\/expaner.jpg\" height=\"175\" width=\"auto\" class=\"alignright\">\r\n\t<h3>Expandermetall AB<\/h3>\r\n\t<a href=\"http:\/\/expandermetall.se\/\" target=\"_blank\" rel=\"noopener noreferrer\"><p>expandermetall.se<\/p><\/a>\r\n\t<p>Hestra L3, 573 95 Tranas, Sweden<\/p>\r\n\t<p>\u0422\u0435\u043b: <b>+46 140 41150<\/b><\/p>\r\n<\/div>\r\n\r\n<div class=\"edasimuuja-wrap\">\r\n\t<img loading=\"lazy\" src=\"\/wp-content\/themes\/lavinton\/images\/spgab.jpg\" height=\"175\" width=\"auto\" class=\"alignright\">\r\n\t<h3>Stockholms Pl\u00e5t- &#038; Gummiperforeering SPG AB<\/h3>\r\n\t<a href=\"http:\/\/spgab.se\/\" target=\"_blank\" rel=\"noopener noreferrer\"><p>spgab.se<\/p><\/a>\r\n\t<p>F\u00f6rr\u00e5dsv\u00e4gen 6, 13737 V\u00e4sterhaninge, Sweden<\/p>\r\n\t<p>\u0422\u0435\u043b: <b>+46 8-504 106 00<\/b><\/p>\r\n\t<p>\u0424\u0430\u043a\u0441: <b>+46 8-504 106 10<\/b><\/p>\r\n<\/div>\r\n\r\n\r\n<h2>\u041d\u043e\u0440\u0432\u0435\u0433\u0438\u044f<\/h2>\r\n<div class=\"edasimuuja-wrap\">\r\n\t<h3>Nisjemetall AS<\/h3>\r\n\t<a href=\"http:\/\/nisjemettall.no\/\" target=\"_blank\" rel=\"noopener noreferrer\"><p>nisjemetall.no<\/p><\/a>\r\n\t<p>Hyggenveien 35, R\u00d8YKEN 3440, Norway<\/p>\r\n\t<p>\u0422\u0435\u043b: <b>+47 948 35 637<\/b><\/p>\r\n\t\r\n<\/div>\r\n","protected":false},"excerpt":{"rendered":"\u042d\u0441\u0442\u043e\u043d\u0438\u044f Metal-Disain O\u00dc metaldis.ee Visase 12, 11415 Tallinn \u0422\u0435\u043b: +372 666 9966 \u0424\u0430\u043a\u0441: +372 666 9966 K-Rauta Tartu, Rautakesko O\u00dc Riia 140c, 51014 Tartu \u0422\u0435\u043b: +372 739 0800 \u0424\u0430\u043a\u0441: +372 739 0801 P\u00f5lva Coop Ehituskeskus Jaama 72, P\u00f5lva, P\u00f5lva vald, 63306 P\u00f5lva maakond \u00dcldtelefon: +372 799 8495 \u041b\u0418\u0422\u0412\u0410 Morionis UAB morionis.lt K\u0119stu\u010dio g. 54, 3000 [&hellip;]","protected":false},"author":1,"featured_media":0,"parent":0,"menu_order":0,"comment_status":"closed","ping_status":"closed","template":"edasimuujad.php","meta":{"_genesis_hide_title":false,"_genesis_hide_breadcrumbs":false,"_genesis_hide_singular_image":false,"_genesis_hide_footer_widgets":false,"_genesis_custom_body_class":"","_genesis_custom_post_class":"","_genesis_layout":""},"acf":[],"_links":{"self":[{"href":"https:\/\/lavinton.ee\/ru\/wp-json\/wp\/v2\/pages\/561"}],"collection":[{"href":"https:\/\/lavinton.ee\/ru\/wp-json\/wp\/v2\/pages"}],"about":[{"href":"https:\/\/lavinton.ee\/ru\/wp-json\/wp\/v2\/types\/page"}],"author":[{"embeddable":true,"href":"https:\/\/lavinton.ee\/ru\/wp-json\/wp\/v2\/users\/1"}],"replies":[{"embeddable":true,"href":"https:\/\/lavinton.ee\/ru\/wp-json\/wp\/v2\/comments?post=561"}],"version-history":[{"count":5,"href":"https:\/\/lavinton.ee\/ru\/wp-json\/wp\/v2\/pages\/561\/revisions"}],"predecessor-version":[{"id":1671,"href":"https:\/\/lavinton.ee\/ru\/wp-json\/wp\/v2\/pages\/561\/revisions\/1671"}],"wp:attachment":[{"href":"https:\/\/lavinton.ee\/ru\/wp-json\/wp\/v2\/media?parent=561"}],"curies":[{"name":"wp","href":"https:\/\/api.w.org\/{rel}","templated":true}]}}