{"id":581,"date":"2018-09-30T18:48:21","date_gmt":"2018-09-30T15:48:21","guid":{"rendered":"http:\/\/lavinton.vool.io\/vorgud\/"},"modified":"2018-10-03T14:00:34","modified_gmt":"2018-10-03T11:00:34","slug":"vorgud","status":"publish","type":"page","link":"https:\/\/lavinton.ee\/fi\/vorgud\/","title":{"rendered":"Verkot"},"content":{"rendered":"<h2><a href=\"\/fi\/tooted\/tavalised-vorgud\">Tavalliset verkot<\/a><\/h2>\r\n<p>Venytetyt verkot toimitamme yleisesti levyin\u00e4. Tavalliset verkot on valmistettu pehme\u00e4st\u00e4 ter\u00e4ksest\u00e4 ja niit\u00e4 k\u00e4ytet\u00e4\u00e4n moneen tarkoitukseen kuten piirteisiin, kaltereihin, k\u00e4yntisiltoihin, turvaritil\u00f6ihin, porrasaskelmiin ja moneen muuhun tarkoitukseen.<\/p>\r\n\r\n<h2><a href=\"\/fi\/tooted\/lamestatud-vorgud\">Litte\u00e4t verkot<\/a><\/h2>\r\n<p>Litteisiin verkkoihin ty\u00f6stet\u00e4\u00e4n tavallisia verkkoja valssamalla. Tuloksena j\u00e4ykkyys kyll\u00e4 pienenee jonkin verran, mutta siit\u00e4 tulee sile\u00e4mpi ja se sopii paremmin huonekalujen ja vaativampien tuotteiden valmistamiseen.<\/p>\r\n\r\n<h2><a href=\"\/fi\/tooted\/peened-vorgud\">Ohuet verkot<\/a><\/h2>\r\n<p>Ohuisiin verkkoihin luokitellaan sellaiset, jotka on valmistettu materiaalista alle 1,5 mm. Ne ovat suhteellisen pehmeit\u00e4 ja niit\u00e4 k\u00e4ytet\u00e4\u00e4n eniten ilmastointi- ja puhdistuslaitteissa sek\u00e4 koriste-elementeissa.<\/p>\r\n\r\n<h2><a href=\"\/fi\/tooted\/roostevaba-teras\">Ruostumattomat<\/a> ja <a href=\"\/fi\/tooted\/alumiinium\">alumiiniverkot<\/a><\/h2>\r\n<p>On mahdollista toimittaa my\u00f6s ruostumattomasta ter\u00e4ksest\u00e4 ja alumiinista venytettyj\u00e4 verkkoja. Ruostumattomasta ter\u00e4ksest\u00e4 valmistettuja verkkoja k\u00e4ytet\u00e4\u00e4n eniten kemia- ja elintarviketeollisuudessa. Alumiiniverkot ovat oikeutettuja siell\u00e4, jossa on oleellista pieni paino, mutta my\u00f6s laivanrakennuksessa ja arkkitektuurisiin tarkoituksiin.<\/p>","protected":false},"excerpt":{"rendered":"Tavalliset verkot Venytetyt verkot toimitamme yleisesti levyin\u00e4. Tavalliset verkot on valmistettu pehme\u00e4st\u00e4 ter\u00e4ksest\u00e4 ja niit\u00e4 k\u00e4ytet\u00e4\u00e4n moneen tarkoitukseen kuten piirteisiin, kaltereihin, k\u00e4yntisiltoihin, turvaritil\u00f6ihin, porrasaskelmiin ja moneen muuhun tarkoitukseen. Litte\u00e4t verkot Litteisiin verkkoihin ty\u00f6stet\u00e4\u00e4n tavallisia verkkoja valssamalla. Tuloksena j\u00e4ykkyys kyll\u00e4 pienenee jonkin verran, mutta siit\u00e4 tulee sile\u00e4mpi ja se sopii paremmin huonekalujen ja vaativampien tuotteiden valmistamiseen. [&hellip;]","protected":false},"author":1,"featured_media":0,"parent":0,"menu_order":0,"comment_status":"closed","ping_status":"closed","template":"vorgud.php","meta":{"_genesis_hide_title":false,"_genesis_hide_breadcrumbs":false,"_genesis_hide_singular_image":false,"_genesis_hide_footer_widgets":false,"_genesis_custom_body_class":"","_genesis_custom_post_class":"","_genesis_layout":""},"acf":[],"_links":{"self":[{"href":"https:\/\/lavinton.ee\/fi\/wp-json\/wp\/v2\/pages\/581"}],"collection":[{"href":"https:\/\/lavinton.ee\/fi\/wp-json\/wp\/v2\/pages"}],"about":[{"href":"https:\/\/lavinton.ee\/fi\/wp-json\/wp\/v2\/types\/page"}],"author":[{"embeddable":true,"href":"https:\/\/lavinton.ee\/fi\/wp-json\/wp\/v2\/users\/1"}],"replies":[{"embeddable":true,"href":"https:\/\/lavinton.ee\/fi\/wp-json\/wp\/v2\/comments?post=581"}],"version-history":[{"count":4,"href":"https:\/\/lavinton.ee\/fi\/wp-json\/wp\/v2\/pages\/581\/revisions"}],"predecessor-version":[{"id":1314,"href":"https:\/\/lavinton.ee\/fi\/wp-json\/wp\/v2\/pages\/581\/revisions\/1314"}],"wp:attachment":[{"href":"https:\/\/lavinton.ee\/fi\/wp-json\/wp\/v2\/media?parent=581"}],"curies":[{"name":"wp","href":"https:\/\/api.w.org\/{rel}","templated":true}]}}