{"id":563,"date":"2018-09-26T18:17:08","date_gmt":"2018-09-26T15:17:08","guid":{"rendered":"http:\/\/lavinton.vool.io\/ettevottest\/"},"modified":"2025-07-28T11:00:28","modified_gmt":"2025-07-28T08:00:28","slug":"ettevottest","status":"publish","type":"page","link":"https:\/\/lavinton.ee\/fi\/ettevottest\/","title":{"rendered":"Yrityksest\u00e4"},"content":{"rendered":"<p><b>Lavinton tarjoaa laadukkaita levyverkkoja eli verkkoja<\/b>, jotka on valmistettu venytt\u00e4m\u00e4ll\u00e4 kokonaisesta metalliverkosta. Verkkojemme rekister\u00f6ity tavaramerkki on LAVINET\u00ae. Pitk\u00e4aikaset kokemuksemme ja suuri vastuu takaavat vaativimpienkin ja vaikeimpienkin tilausten t\u00e4ytt\u00e4misen ja asiakkaidemme tyytyv\u00e4isyyden.<\/p>\r\n<p><b>Seisomme lupaustemme takana! Mottomme on joustavuus, toimitusten toteuttaminen, luhyet toimitusajat, korkea laatu.<\/b><\/p>\r\n<p>Tuotantomme on jaattu k\u00e4ytt\u00f6tarkoituksen ja materiaalin mukaan.<\/p>\r\n<p><b>O\u00dc LAVINTON<\/b> aloitti metallilevyist\u00e4 temmattujen verkkojen eli levyverkkojen valmistuksen vuonna 1995 ja on t\u00e4m\u00e4\u00e4n p\u00e4iv\u00e4\u00e4n asti ainoa valmistaja Virossa ja Balttialla. Vuonna 2004 ostettu tehokas 2,5 metrinen saksalainen puristinlaite BENDER vahvisti ainutlaatuista markkinaasemaamme koko Pohjois-Euroopassa. Voimme valmistaa levyj\u00e4, joiden mitat ovat 2,5\u00d73,0 m ja paksuus 5 mm asti.<\/p>\r\n\r\n\n\t<div class=\"ettevottest-pildid-wrap\">\n\t\t<div class=\"one-third first\">\n\t\t\t<a href=\"\/wp-content\/themes\/lavinton\/images\/ava1.jpg\" data-lightbox=\"ettevottest\">\n\t\t\t<div class=\"pic-wrap\">\n\t\t\t\t<div class=\"pic ev-img-1\"><\/div>\n\t\t\t<\/div>\n\t\t\t<\/a>\n\t\t<\/div>\n\t\t<div class=\"one-third\">\n\t\t\t<a href=\"\/wp-content\/themes\/lavinton\/images\/ava2.jpg\" data-lightbox=\"ettevottest\">\n\t\t\t<div class=\"pic-wrap\">\n\t\t\t\t<div class=\"pic ev-img-2\"><\/div>\n\t\t\t<\/div>\n\t\t\t<\/a>\n\t\t<\/div>\n\t\t<div class=\"one-third\">\n\t\t\t<a href=\"\/wp-content\/themes\/lavinton\/images\/ava3.jpg\" data-lightbox=\"ettevottest\">\n\t\t\t<div class=\"pic-wrap\">\n\t\t\t\t<div class=\"pic ev-img-3\"><\/div>\n\t\t\t<\/div>\n\t\t\t<\/a>\n\t\t<\/div>\n\t<\/div>\n\t\r\n\r\n<p><b>K\u00e4yt\u00f6ss\u00e4mme on 1600 m<sup>2<\/sup> tuotanto- ja varastotiloja<\/b>. Valmistamme yli 35 merkki\u00e4 erilaisia LAVINET\u00ae verkkolevyj\u00e4, joista enemmist\u00f6 on toimitusvalmiina varastoissamme. Tarjoamme asiakkaillemme r\u00e4\u00e4t\u00e4l\u00f6ityj\u00e4 palveluja: valmistamme verkkoja tarvittavilla mitoilla. Isot tilaukset t\u00e4yt\u00e4mme viikosta kahteen viikkoon. Maksimituotantokapasitteettimme on noin 60-80 tonnia valmisteita kuukaudessa. Asiakkaamme ovat monet rakennus- ja metalliteollisuusyritykset Virossa, energiateollisuus- sek\u00e4 elintarvike- ja maitoteollisuusyritykset. Yli 50% tuotannostamme vied\u00e4\u00e4n Ruotsiin, Norjaan, Suomeen, Latviaan ja Liettuaan.<\/p>","protected":false},"excerpt":{"rendered":"Lavinton tarjoaa laadukkaita levyverkkoja eli verkkoja, jotka on valmistettu venytt\u00e4m\u00e4ll\u00e4 kokonaisesta metalliverkosta. Verkkojemme rekister\u00f6ity tavaramerkki on LAVINET\u00ae. Pitk\u00e4aikaset kokemuksemme ja suuri vastuu takaavat vaativimpienkin ja vaikeimpienkin tilausten t\u00e4ytt\u00e4misen ja asiakkaidemme tyytyv\u00e4isyyden. Seisomme lupaustemme takana! Mottomme on joustavuus, toimitusten toteuttaminen, luhyet toimitusajat, korkea laatu. Tuotantomme on jaattu k\u00e4ytt\u00f6tarkoituksen ja materiaalin mukaan. O\u00dc LAVINTON aloitti metallilevyist\u00e4 temmattujen [&hellip;]","protected":false},"author":1,"featured_media":0,"parent":0,"menu_order":0,"comment_status":"closed","ping_status":"closed","template":"ettevottest.php","meta":{"_genesis_hide_title":false,"_genesis_hide_breadcrumbs":false,"_genesis_hide_singular_image":false,"_genesis_hide_footer_widgets":false,"_genesis_custom_body_class":"","_genesis_custom_post_class":"","_genesis_layout":""},"acf":[],"_links":{"self":[{"href":"https:\/\/lavinton.ee\/fi\/wp-json\/wp\/v2\/pages\/563"}],"collection":[{"href":"https:\/\/lavinton.ee\/fi\/wp-json\/wp\/v2\/pages"}],"about":[{"href":"https:\/\/lavinton.ee\/fi\/wp-json\/wp\/v2\/types\/page"}],"author":[{"embeddable":true,"href":"https:\/\/lavinton.ee\/fi\/wp-json\/wp\/v2\/users\/1"}],"replies":[{"embeddable":true,"href":"https:\/\/lavinton.ee\/fi\/wp-json\/wp\/v2\/comments?post=563"}],"version-history":[{"count":5,"href":"https:\/\/lavinton.ee\/fi\/wp-json\/wp\/v2\/pages\/563\/revisions"}],"predecessor-version":[{"id":1811,"href":"https:\/\/lavinton.ee\/fi\/wp-json\/wp\/v2\/pages\/563\/revisions\/1811"}],"wp:attachment":[{"href":"https:\/\/lavinton.ee\/fi\/wp-json\/wp\/v2\/media?parent=563"}],"curies":[{"name":"wp","href":"https:\/\/api.w.org\/{rel}","templated":true}]}}