{"id":543,"date":"2018-09-24T21:04:19","date_gmt":"2018-09-24T18:04:19","guid":{"rendered":"http:\/\/lavinton.vool.io\/prospektid\/"},"modified":"2018-10-16T19:35:22","modified_gmt":"2018-10-16T16:35:22","slug":"prospektid","status":"publish","type":"page","link":"https:\/\/lavinton.ee\/fi\/prospektid\/","title":{"rendered":"Ohjeita"},"content":{"rendered":"<p>T\u00e4st\u00e4 voi ladata LAVINTON:in esitteita ja muita apumateriaaleja. Esitteissa on 1:1 mittakaavassa verkkojen kuvat ja tarkemmat suosituksen niiden k\u00e4ytt\u00f6\u00f6n.<\/p>","protected":false},"excerpt":{"rendered":"T\u00e4st\u00e4 voi ladata LAVINTON:in esitteita ja muita apumateriaaleja. Esitteissa on 1:1 mittakaavassa verkkojen kuvat ja tarkemmat suosituksen niiden k\u00e4ytt\u00f6\u00f6n.","protected":false},"author":1,"featured_media":0,"parent":0,"menu_order":0,"comment_status":"closed","ping_status":"closed","template":"prospektid.php","meta":{"_genesis_hide_title":false,"_genesis_hide_breadcrumbs":false,"_genesis_hide_singular_image":false,"_genesis_hide_footer_widgets":false,"_genesis_custom_body_class":"","_genesis_custom_post_class":"","_genesis_layout":""},"acf":[],"_links":{"self":[{"href":"https:\/\/lavinton.ee\/fi\/wp-json\/wp\/v2\/pages\/543"}],"collection":[{"href":"https:\/\/lavinton.ee\/fi\/wp-json\/wp\/v2\/pages"}],"about":[{"href":"https:\/\/lavinton.ee\/fi\/wp-json\/wp\/v2\/types\/page"}],"author":[{"embeddable":true,"href":"https:\/\/lavinton.ee\/fi\/wp-json\/wp\/v2\/users\/1"}],"replies":[{"embeddable":true,"href":"https:\/\/lavinton.ee\/fi\/wp-json\/wp\/v2\/comments?post=543"}],"version-history":[{"count":5,"href":"https:\/\/lavinton.ee\/fi\/wp-json\/wp\/v2\/pages\/543\/revisions"}],"predecessor-version":[{"id":1479,"href":"https:\/\/lavinton.ee\/fi\/wp-json\/wp\/v2\/pages\/543\/revisions\/1479"}],"wp:attachment":[{"href":"https:\/\/lavinton.ee\/fi\/wp-json\/wp\/v2\/media?parent=543"}],"curies":[{"name":"wp","href":"https:\/\/api.w.org\/{rel}","templated":true}]}}