{"id":1265,"date":"2018-10-03T13:31:01","date_gmt":"2018-10-03T10:31:01","guid":{"rendered":"http:\/\/lavinton.vool.io\/?page_id=1265"},"modified":"2018-10-17T19:04:40","modified_gmt":"2018-10-17T16:04:40","slug":"avaleht","status":"publish","type":"page","link":"https:\/\/lavinton.ee\/fi\/","title":{"rendered":"Avaleht"},"content":{"rendered":"<div class=\"flexslider\">\r\n<ul class=\"slides\">\r\n \t<li class=\"slide\"><img src=\"\/wp-content\/themes\/lavinton\/images\/slider1.jpg\" \/><\/li>\r\n \t<li><img src=\"\/wp-content\/themes\/lavinton\/images\/slider2.jpg\" \/><\/li>\r\n \t<li><img src=\"\/wp-content\/themes\/lavinton\/images\/slider3.jpg\" \/><\/li>\r\n \t<li><img src=\"\/wp-content\/themes\/lavinton\/images\/slider4.jpg\" \/><\/li>\r\n \t<li><img src=\"\/wp-content\/themes\/lavinton\/images\/slider5.jpg\" \/><\/li>\r\n<\/ul>\r\n<\/div>\r\n<a href=\"\/fi\/vorgud\">\r\n<div class=\"one-third first\">\r\n\t<div class=\"sub\">\r\n\t\t<h1>Verkot<\/h1>\r\n\t\t<div class=\"pic-wrap\"><div class=\"pic vork-img\"><\/div><\/div>\r\n\t\t<p>Venytetyt verkot toimitamme yleisesti levyin\u00e4. Tavalliset verkot on valmistettu pehme\u00e4st\u00e4 ter\u00e4ksest\u00e4 ja niit\u00e4 k\u00e4ytet\u00e4\u00e4n moneen tarkoitukseen.<\/p>\r\n\t<\/div>\r\n<\/div>\r\n<\/a>\r\n<a href=\"\/fi\/tooted\/fassaadid\">\r\n<div class=\"one-third\">\r\n\t<div class=\"sub\">\r\n\t\t<h1>Julkisivut<\/h1>\r\n\t\t<div class=\"pic-wrap\"><div class=\"pic fassaad-img\"><\/div><\/div>\r\n\t\t<p>Viime vuosina on tullut ajankohtaiseksi venytettyjen verkkojen k\u00e4ytt\u00f6 julkisivussa ja etel\u00e4isen auringonpaisteen suojana.<\/p>\r\n\t<\/div>\r\n<\/div>\r\n<\/a>\r\n<a href=\"\/fi\/tooted\/vorklaed\">\r\n<div class=\"one-third\">\r\n\t<div class=\"sub\">\r\n\t\t<h1>Verkkokatot<\/h1>\r\n\t\t<div class=\"pic-wrap\"><div class=\"pic vorklagi-img\"><\/div><\/div>\r\n\t\t<p>Kevyjen ja l\u00e4pin\u00e4kyvien kattojen rakentamiseen on tarjolla eri materiaaleista ja eri v\u00e4ris\u00e4vyiss\u00e4 kattoelementteja ja kasetteja.<\/p>\r\n\t<\/div>\r\n<\/div>\r\n<\/a>","protected":false},"excerpt":{"rendered":"Verkot Venytetyt verkot toimitamme yleisesti levyin\u00e4. Tavalliset verkot on valmistettu pehme\u00e4st\u00e4 ter\u00e4ksest\u00e4 ja niit\u00e4 k\u00e4ytet\u00e4\u00e4n moneen tarkoitukseen. Julkisivut Viime vuosina on tullut ajankohtaiseksi venytettyjen verkkojen k\u00e4ytt\u00f6 julkisivussa ja etel\u00e4isen auringonpaisteen suojana. Verkkokatot Kevyjen ja l\u00e4pin\u00e4kyvien kattojen rakentamiseen on tarjolla eri materiaaleista ja eri v\u00e4ris\u00e4vyiss\u00e4 kattoelementteja ja kasetteja.","protected":false},"author":1,"featured_media":0,"parent":0,"menu_order":0,"comment_status":"closed","ping_status":"closed","template":"avaleht.php","meta":{"_genesis_hide_title":false,"_genesis_hide_breadcrumbs":false,"_genesis_hide_singular_image":false,"_genesis_hide_footer_widgets":false,"_genesis_custom_body_class":"","_genesis_custom_post_class":"","_genesis_layout":""},"acf":[],"_links":{"self":[{"href":"https:\/\/lavinton.ee\/fi\/wp-json\/wp\/v2\/pages\/1265"}],"collection":[{"href":"https:\/\/lavinton.ee\/fi\/wp-json\/wp\/v2\/pages"}],"about":[{"href":"https:\/\/lavinton.ee\/fi\/wp-json\/wp\/v2\/types\/page"}],"author":[{"embeddable":true,"href":"https:\/\/lavinton.ee\/fi\/wp-json\/wp\/v2\/users\/1"}],"replies":[{"embeddable":true,"href":"https:\/\/lavinton.ee\/fi\/wp-json\/wp\/v2\/comments?post=1265"}],"version-history":[{"count":1,"href":"https:\/\/lavinton.ee\/fi\/wp-json\/wp\/v2\/pages\/1265\/revisions"}],"predecessor-version":[{"id":1266,"href":"https:\/\/lavinton.ee\/fi\/wp-json\/wp\/v2\/pages\/1265\/revisions\/1266"}],"wp:attachment":[{"href":"https:\/\/lavinton.ee\/fi\/wp-json\/wp\/v2\/media?parent=1265"}],"curies":[{"name":"wp","href":"https:\/\/api.w.org\/{rel}","templated":true}]}}