{"id":564,"date":"2018-09-26T18:17:08","date_gmt":"2018-09-26T15:17:08","guid":{"rendered":"http:\/\/lavinton.vool.io\/ettevottest\/"},"modified":"2025-07-28T11:00:44","modified_gmt":"2025-07-28T08:00:44","slug":"ettevottest","status":"publish","type":"page","link":"https:\/\/lavinton.ee\/de\/ettevottest\/","title":{"rendered":"Unternehmen"},"content":{"rendered":"<p><b>LAVINTON produziert qualitative Streckgitter, also Gitter<\/b>, die durch das Strecken von Stahlblechtafeln erzeugt werden. Unsere Streckgitter tragen den eingetragenen Handelsnamen <b>LAVINET\u00ae<\/b>. Langj\u00e4hrige Erfahrung und Zuverl\u00e4ssigkeit gew\u00e4hrleisten die Erf\u00fcllung von anspruchsvollsten und kompliziertesten Auftr\u00e4gen und die Zufriedenheit unserer Kunden. <\/p>\r\n<p><b>Wir halten unsere Versprechen! Unser Unternehmensmotto ist Flexibilit\u00e4t, zuverl\u00e4ssige und termingerechte Lieferungen, kurze Lieferzeiten und gehobene Qualit\u00e4t.<\/b><\/p>\r\n<p>Unsere Produktion deckt zahlreiche Einsatzm\u00f6glichkeiten ab, bei der unterschiedliche Rohstoffe verwendet werden k\u00f6nnen.<\/p>\r\n<p><b>O\u00dc LAVINTON<\/b> hat die Herstellung der Streckgitter aus Metalltafeln schon im Jahre 1995 begonnen und ist bisher das einzige Unternehmen in dieser Branche in Estland und im Baltikum. 2004 haben wir eine 2,5 m lange und sehr leistungsstarke Presse der deutschen Firma BENDER angeschafft und damit unsere einzigartige Marktstellung in Nord-Europa noch verst\u00e4rkt. Wir produzieren Tafeln bis zu einer Gr\u00f6\u00dfe von 2,5\u00d73,0 m und bis zu einer Dicke von 5 mm.<\/p>\r\n\r\n\n\t<div class=\"ettevottest-pildid-wrap\">\n\t\t<div class=\"one-third first\">\n\t\t\t<a href=\"\/wp-content\/themes\/lavinton\/images\/ava1.jpg\" data-lightbox=\"ettevottest\">\n\t\t\t<div class=\"pic-wrap\">\n\t\t\t\t<div class=\"pic ev-img-1\"><\/div>\n\t\t\t<\/div>\n\t\t\t<\/a>\n\t\t<\/div>\n\t\t<div class=\"one-third\">\n\t\t\t<a href=\"\/wp-content\/themes\/lavinton\/images\/ava2.jpg\" data-lightbox=\"ettevottest\">\n\t\t\t<div class=\"pic-wrap\">\n\t\t\t\t<div class=\"pic ev-img-2\"><\/div>\n\t\t\t<\/div>\n\t\t\t<\/a>\n\t\t<\/div>\n\t\t<div class=\"one-third\">\n\t\t\t<a href=\"\/wp-content\/themes\/lavinton\/images\/ava3.jpg\" data-lightbox=\"ettevottest\">\n\t\t\t<div class=\"pic-wrap\">\n\t\t\t\t<div class=\"pic ev-img-3\"><\/div>\n\t\t\t<\/div>\n\t\t\t<\/a>\n\t\t<\/div>\n\t<\/div>\n\t\r\n\r\n<p><b>Uns stehen 1600 m<sup>2<\/sup> Produktions- und Lagerfl\u00e4che zur Verf\u00fcgung<\/b>. Wir fertigen mehr als 35 unterschiedliche LAVINET\u00ae Streckgitterprodukte an. Die meisten sind st\u00e4ndig auf Lager und sofort zu erhalten. Als Sonderleistung bieten wir, bis zu unseren maximalen Gr\u00f6\u00dfe, Gitter in Wunschgr\u00f6\u00dfen an. Die Lieferzeit betr\u00e4gt 2-3 Wochen. Unsere maximale Produktionskapazit\u00e4t betr\u00e4gt ca. 60-80 Tonnen monatlich. Zu unseren Kunden z\u00e4hlen die meisten Baufirmen, metallverarbeitende Firmen, Energiefirmen und Firmen der Lebensmittel- und Milchindustrie in Estland. Mehr als 50 % unserer Produktion wird nach Schweden, Deutschland, Norwegen, Lettland, Litauen und Finnland exportiert.<\/p>","protected":false},"excerpt":{"rendered":"LAVINTON produziert qualitative Streckgitter, also Gitter, die durch das Strecken von Stahlblechtafeln erzeugt werden. Unsere Streckgitter tragen den eingetragenen Handelsnamen LAVINET\u00ae. Langj\u00e4hrige Erfahrung und Zuverl\u00e4ssigkeit gew\u00e4hrleisten die Erf\u00fcllung von anspruchsvollsten und kompliziertesten Auftr\u00e4gen und die Zufriedenheit unserer Kunden. Wir halten unsere Versprechen! Unser Unternehmensmotto ist Flexibilit\u00e4t, zuverl\u00e4ssige und termingerechte Lieferungen, kurze Lieferzeiten und gehobene Qualit\u00e4t. [&hellip;]","protected":false},"author":1,"featured_media":0,"parent":0,"menu_order":0,"comment_status":"closed","ping_status":"closed","template":"ettevottest.php","meta":{"_genesis_hide_title":false,"_genesis_hide_breadcrumbs":false,"_genesis_hide_singular_image":false,"_genesis_hide_footer_widgets":false,"_genesis_custom_body_class":"","_genesis_custom_post_class":"","_genesis_layout":""},"acf":[],"_links":{"self":[{"href":"https:\/\/lavinton.ee\/de\/wp-json\/wp\/v2\/pages\/564"}],"collection":[{"href":"https:\/\/lavinton.ee\/de\/wp-json\/wp\/v2\/pages"}],"about":[{"href":"https:\/\/lavinton.ee\/de\/wp-json\/wp\/v2\/types\/page"}],"author":[{"embeddable":true,"href":"https:\/\/lavinton.ee\/de\/wp-json\/wp\/v2\/users\/1"}],"replies":[{"embeddable":true,"href":"https:\/\/lavinton.ee\/de\/wp-json\/wp\/v2\/comments?post=564"}],"version-history":[{"count":5,"href":"https:\/\/lavinton.ee\/de\/wp-json\/wp\/v2\/pages\/564\/revisions"}],"predecessor-version":[{"id":1812,"href":"https:\/\/lavinton.ee\/de\/wp-json\/wp\/v2\/pages\/564\/revisions\/1812"}],"wp:attachment":[{"href":"https:\/\/lavinton.ee\/de\/wp-json\/wp\/v2\/media?parent=564"}],"curies":[{"name":"wp","href":"https:\/\/api.w.org\/{rel}","templated":true}]}}