{"id":1267,"date":"2018-10-03T13:31:22","date_gmt":"2018-10-03T10:31:22","guid":{"rendered":"http:\/\/lavinton.vool.io\/?page_id=1267"},"modified":"2018-10-17T19:08:28","modified_gmt":"2018-10-17T16:08:28","slug":"avaleht","status":"publish","type":"page","link":"https:\/\/lavinton.ee\/de\/","title":{"rendered":"Avaleht"},"content":{"rendered":"<div class=\"flexslider\">\r\n<ul class=\"slides\">\r\n \t<li class=\"slide\"><img src=\"\/wp-content\/themes\/lavinton\/images\/slider1.jpg\" \/><\/li>\r\n \t<li><img src=\"\/wp-content\/themes\/lavinton\/images\/slider2.jpg\" \/><\/li>\r\n \t<li><img src=\"\/wp-content\/themes\/lavinton\/images\/slider3.jpg\" \/><\/li>\r\n \t<li><img src=\"\/wp-content\/themes\/lavinton\/images\/slider4.jpg\" \/><\/li>\r\n \t<li><img src=\"\/wp-content\/themes\/lavinton\/images\/slider5.jpg\" \/><\/li>\r\n<\/ul>\r\n<\/div>\r\n<a href=\"\/de\/vorgud\">\r\n<div class=\"one-third first\">\r\n\t<div class=\"sub\">\r\n\t\t<h1>Streckgitter<\/h1>\r\n\t\t<div class=\"pic-wrap\"><div class=\"pic vork-img\"><\/div><\/div>\r\n\t\t<p>Streckgitter werden in der Regel tafelweise geliefert. Die Einfachen Gitter bestehen aus weichem Stahl und werden vielseitig verwendet.<\/p>\r\n\t<\/div>\r\n<\/div>\r\n<\/a>\r\n<a href=\"\/de\/tooted\/fassaadid\">\r\n<div class=\"one-third\">\r\n\t<div class=\"sub\">\r\n\t\t<h1>Fassaden<\/h1>\r\n\t\t<div class=\"pic-wrap\"><div class=\"pic fassaad-img\"><\/div><\/div>\r\n\t\t<p>Seit einigen Jahren werden Streckgitter vermehrt auch als Designbestandteil von Fassaden und in den s\u00fcdlichen L\u00e4ndern als Sonnenschutz verwendet.<\/p>\r\n\t<\/div>\r\n<\/div>\r\n<\/a>\r\n<a href=\"\/de\/tooted\/vorklaed\">\r\n<div class=\"one-third\">\r\n\t<div class=\"sub\">\r\n\t\t<h1>Gitterdecken<\/h1>\r\n\t\t<div class=\"pic-wrap\"><div class=\"pic vorklagi-img\"><\/div><\/div>\r\n\t\t<p>F\u00fcr leichte und durchsichtige Decken bieten wir sowohl flache als auch vorgeformte Module aus unterschiedlichen Materialien und in unterschiedlichen Farbt\u00f6nen an.<\/p>\r\n\t<\/div>\r\n<\/div>\r\n<\/a>","protected":false},"excerpt":{"rendered":"Streckgitter Streckgitter werden in der Regel tafelweise geliefert. Die Einfachen Gitter bestehen aus weichem Stahl und werden vielseitig verwendet. Fassaden Seit einigen Jahren werden Streckgitter vermehrt auch als Designbestandteil von Fassaden und in den s\u00fcdlichen L\u00e4ndern als Sonnenschutz verwendet. Gitterdecken F\u00fcr leichte und durchsichtige Decken bieten wir sowohl flache als auch vorgeformte Module aus unterschiedlichen [&hellip;]","protected":false},"author":1,"featured_media":0,"parent":0,"menu_order":0,"comment_status":"closed","ping_status":"closed","template":"avaleht.php","meta":{"_genesis_hide_title":false,"_genesis_hide_breadcrumbs":false,"_genesis_hide_singular_image":false,"_genesis_hide_footer_widgets":false,"_genesis_custom_body_class":"","_genesis_custom_post_class":"","_genesis_layout":""},"acf":[],"_links":{"self":[{"href":"https:\/\/lavinton.ee\/de\/wp-json\/wp\/v2\/pages\/1267"}],"collection":[{"href":"https:\/\/lavinton.ee\/de\/wp-json\/wp\/v2\/pages"}],"about":[{"href":"https:\/\/lavinton.ee\/de\/wp-json\/wp\/v2\/types\/page"}],"author":[{"embeddable":true,"href":"https:\/\/lavinton.ee\/de\/wp-json\/wp\/v2\/users\/1"}],"replies":[{"embeddable":true,"href":"https:\/\/lavinton.ee\/de\/wp-json\/wp\/v2\/comments?post=1267"}],"version-history":[{"count":1,"href":"https:\/\/lavinton.ee\/de\/wp-json\/wp\/v2\/pages\/1267\/revisions"}],"predecessor-version":[{"id":1268,"href":"https:\/\/lavinton.ee\/de\/wp-json\/wp\/v2\/pages\/1267\/revisions\/1268"}],"wp:attachment":[{"href":"https:\/\/lavinton.ee\/de\/wp-json\/wp\/v2\/media?parent=1267"}],"curies":[{"name":"wp","href":"https:\/\/api.w.org\/{rel}","templated":true}]}}